{"id":61,"date":"2025-09-25T18:07:08","date_gmt":"2025-09-25T18:07:08","guid":{"rendered":"https:\/\/agseguridad.com\/?page_id=61"},"modified":"2025-09-26T14:26:52","modified_gmt":"2025-09-26T14:26:52","slug":"quienes-somos","status":"publish","type":"page","link":"https:\/\/agseguridad.com\/index.php\/quienes-somos\/","title":{"rendered":"\u00bfQuienes Somos?"},"content":{"rendered":"\n<!-- Qui\u00e9nes somos (2 columnas: texto \/ foto) -->\n<section class=\"sec sec-quienes\" aria-label=\"Qui\u00e9nes somos\">\n  <div class=\"container quienes-grid-2col\">\n\n    <div class=\"quienes-texto\">\n      <h1 class=\"sec-title\">\u00bfQui\u00e9nes somos?<\/h1>\n      <p class=\"sec-sub\">Nuestra Historia<\/p>\n\n      <p>En AG Seguridad Integral y Ferreter\u00eda, la excelencia y la innovaci\u00f3n son la base de nuestra trayectoria. Nuestro origen se remonta a la vasta experiencia de nuestro fundador en el sector de la seguridad industrial, quien, tras a\u00f1os de trabajo en un negocio familiar especializado en la recarga y venta de extintores, identific\u00f3 una oportunidad clave: la necesidad de un proveedor integral que combinara calidad, tecnolog\u00eda y eficiencia en el servicio.<\/p>\n\n      <p>Con una visi\u00f3n estrat\u00e9gica y un enfoque en la evoluci\u00f3n del mercado, naci\u00f3 AG Seguridad Industrial y Ferretera, una empresa dise\u00f1ada para ofrecer soluciones completas en seguridad industrial. Mantenemos el compromiso con la comercializaci\u00f3n de equipos esenciales para la protecci\u00f3n y prevenci\u00f3n, pero a la vez hemos incorporado herramientas tecnol\u00f3gicas para optimizar la experiencia de compra de nuestros clientes, garantizando disponibilidad, agilidad y atenci\u00f3n personalizada.<\/p>\n\n      <p>Nuestro crecimiento ha estado impulsado por la confianza de nuestros clientes y la capacidad de adaptaci\u00f3n a nuevas oportunidades de negocio. Como parte de esta evoluci\u00f3n, expandimos nuestra oferta al sector ferretero, consolid\u00e1ndonos como distribuidores oficiales de marcas l\u00edderes como TRUPER, JYRSA, DURACELL y MR Seguridad.<\/p>\n\n      <p>Hoy, AG Seguridad Integral y Ferreter\u00eda no solo provee productos, sino que se posiciona como un socio estrat\u00e9gico para empresas que buscan un abastecimiento confiable, eficiente y respaldado por tecnolog\u00eda de vanguardia.<\/p>\n    <\/div>\n\n<div class=\"quienes-foto\">\n  <!-- Mapa Google en lugar de la imagen -->\n  <iframe\n    src=\"https:\/\/www.google.com\/maps\/embed?pb=!1m18!1m12!1m3!1d419.85179126863613!2d-96.10709410043775!3d19.101446997536463!2m3!1f0!2f0!3f0!3m2!1i1024!2i768!4f13.1!3m3!1m2!1s0x85c3411c6cf8a69f%3A0xf48cd349cbb9028f!2sAG%20SEGURIDAD%20INTEGRAL%20Y%20FERRETERIA!5e0!3m2!1ses!2smx!4v1758817388789!5m2!1ses!2smx\"\n    width=\"100%\" height=\"425\" style=\"border:0;\" allowfullscreen loading=\"lazy\"\n    referrerpolicy=\"no-referrer-when-downgrade\"><\/iframe>\n\n  <!-- Contacto debajo del mapa -->\n  <div class=\"ag-contact-card\">\n    <h3>Contacto<\/h3>\n    <ul class=\"ag-contact-list\">\n      <li><i class=\"fa-solid fa-phone\"><\/i> <a href=\"tel:2299864867\">229 986 4867<\/a><\/li>\n      <li><i class=\"fa-brands fa-whatsapp\"><\/i> <a href=\"https:\/\/wa.me\/522294161352\" target=\"_blank\" rel=\"noopener\">229 416 1352<\/a><\/li>\n      <li><i class=\"fa-solid fa-location-dot\"><\/i> Veracruz \u2014 Boca del R\u00edo<\/li>\n      <li><i class=\"fa-regular fa-envelope\"><\/i> <a href=\"mailto:ventas@agseguridad.com\">ventas@agseguridad.com<\/a><\/li>\n    <\/ul>\n  <\/div>\n<\/div>\n\n\n  <\/div>\n<\/section>\n\n\n\n<p><\/p>\n","protected":false},"excerpt":{"rendered":"<p>\u00bfQui\u00e9nes somos? Nuestra Historia En AG Seguridad Integral y Ferreter\u00eda, la excelencia y la innovaci\u00f3n son la base de nuestra trayectoria. Nuestro origen se remonta a la vasta experiencia de nuestro fundador en el sector de la seguridad industrial, quien, tras a\u00f1os de trabajo en un negocio familiar especializado en la recarga y venta de &#8230; <a title=\"\u00bfQuienes Somos?\" class=\"read-more\" href=\"https:\/\/agseguridad.com\/index.php\/quienes-somos\/\" aria-label=\"Leer m\u00e1s sobre \u00bfQuienes Somos?\">Leer m\u00e1s<\/a><\/p>\n","protected":false},"author":2,"featured_media":0,"parent":0,"menu_order":0,"comment_status":"closed","ping_status":"closed","template":"","meta":{"footnotes":""},"class_list":["post-61","page","type-page","status-publish"],"yoast_head":"<!-- This site is optimized with the Yoast SEO plugin v26.0 - https:\/\/yoast.com\/wordpress\/plugins\/seo\/ -->\n<title>\u00bfQuienes Somos? - AG Seguridad<\/title>\n<meta name=\"robots\" content=\"index, follow, max-snippet:-1, max-image-preview:large, max-video-preview:-1\" \/>\n<link rel=\"canonical\" href=\"https:\/\/agseguridad.com\/index.php\/quienes-somos\/\" \/>\n<meta property=\"og:locale\" content=\"es_MX\" \/>\n<meta property=\"og:type\" content=\"article\" \/>\n<meta property=\"og:title\" content=\"\u00bfQuienes Somos? - AG Seguridad\" \/>\n<meta property=\"og:description\" content=\"\u00bfQui\u00e9nes somos? Nuestra Historia En AG Seguridad Integral y Ferreter\u00eda, la excelencia y la innovaci\u00f3n son la base de nuestra trayectoria. Nuestro origen se remonta a la vasta experiencia de nuestro fundador en el sector de la seguridad industrial, quien, tras a\u00f1os de trabajo en un negocio familiar especializado en la recarga y venta de ... Leer m\u00e1s\" \/>\n<meta property=\"og:url\" content=\"https:\/\/agseguridad.com\/index.php\/quienes-somos\/\" \/>\n<meta property=\"og:site_name\" content=\"AG Seguridad\" \/>\n<meta property=\"article:modified_time\" content=\"2025-09-26T14:26:52+00:00\" \/>\n<meta name=\"twitter:card\" content=\"summary_large_image\" \/>\n<meta name=\"twitter:label1\" content=\"Tiempo de lectura\" \/>\n\t<meta name=\"twitter:data1\" content=\"2 minutos\" \/>\n<script type=\"application\/ld+json\" class=\"yoast-schema-graph\">{\"@context\":\"https:\/\/schema.org\",\"@graph\":[{\"@type\":\"WebPage\",\"@id\":\"https:\/\/agseguridad.com\/index.php\/quienes-somos\/\",\"url\":\"https:\/\/agseguridad.com\/index.php\/quienes-somos\/\",\"name\":\"\u00bfQuienes Somos? - AG Seguridad\",\"isPartOf\":{\"@id\":\"https:\/\/agseguridad.com\/#website\"},\"datePublished\":\"2025-09-25T18:07:08+00:00\",\"dateModified\":\"2025-09-26T14:26:52+00:00\",\"breadcrumb\":{\"@id\":\"https:\/\/agseguridad.com\/index.php\/quienes-somos\/#breadcrumb\"},\"inLanguage\":\"es\",\"potentialAction\":[{\"@type\":\"ReadAction\",\"target\":[\"https:\/\/agseguridad.com\/index.php\/quienes-somos\/\"]}]},{\"@type\":\"BreadcrumbList\",\"@id\":\"https:\/\/agseguridad.com\/index.php\/quienes-somos\/#breadcrumb\",\"itemListElement\":[{\"@type\":\"ListItem\",\"position\":1,\"name\":\"Inicio\",\"item\":\"https:\/\/agseguridad.com\/\"},{\"@type\":\"ListItem\",\"position\":2,\"name\":\"\u00bfQuienes Somos?\"}]},{\"@type\":\"WebSite\",\"@id\":\"https:\/\/agseguridad.com\/#website\",\"url\":\"https:\/\/agseguridad.com\/\",\"name\":\"AG Seguridad\",\"description\":\"\",\"publisher\":{\"@id\":\"https:\/\/agseguridad.com\/#organization\"},\"potentialAction\":[{\"@type\":\"SearchAction\",\"target\":{\"@type\":\"EntryPoint\",\"urlTemplate\":\"https:\/\/agseguridad.com\/?s={search_term_string}\"},\"query-input\":{\"@type\":\"PropertyValueSpecification\",\"valueRequired\":true,\"valueName\":\"search_term_string\"}}],\"inLanguage\":\"es\"},{\"@type\":\"Organization\",\"@id\":\"https:\/\/agseguridad.com\/#organization\",\"name\":\"AG Seguridad\",\"url\":\"https:\/\/agseguridad.com\/\",\"logo\":{\"@type\":\"ImageObject\",\"inLanguage\":\"es\",\"@id\":\"https:\/\/agseguridad.com\/#\/schema\/logo\/image\/\",\"url\":\"https:\/\/agseguridad.com\/wp-content\/uploads\/2025\/09\/cropped-AG-SEGURIDAD_Mesa-de-trabajo-1-scaled-1.png\",\"contentUrl\":\"https:\/\/agseguridad.com\/wp-content\/uploads\/2025\/09\/cropped-AG-SEGURIDAD_Mesa-de-trabajo-1-scaled-1.png\",\"width\":1176,\"height\":513,\"caption\":\"AG Seguridad\"},\"image\":{\"@id\":\"https:\/\/agseguridad.com\/#\/schema\/logo\/image\/\"}}]}<\/script>\n<!-- \/ Yoast SEO plugin. -->","yoast_head_json":{"title":"\u00bfQuienes Somos? - AG Seguridad","robots":{"index":"index","follow":"follow","max-snippet":"max-snippet:-1","max-image-preview":"max-image-preview:large","max-video-preview":"max-video-preview:-1"},"canonical":"https:\/\/agseguridad.com\/index.php\/quienes-somos\/","og_locale":"es_MX","og_type":"article","og_title":"\u00bfQuienes Somos? - AG Seguridad","og_description":"\u00bfQui\u00e9nes somos? Nuestra Historia En AG Seguridad Integral y Ferreter\u00eda, la excelencia y la innovaci\u00f3n son la base de nuestra trayectoria. Nuestro origen se remonta a la vasta experiencia de nuestro fundador en el sector de la seguridad industrial, quien, tras a\u00f1os de trabajo en un negocio familiar especializado en la recarga y venta de ... Leer m\u00e1s","og_url":"https:\/\/agseguridad.com\/index.php\/quienes-somos\/","og_site_name":"AG Seguridad","article_modified_time":"2025-09-26T14:26:52+00:00","twitter_card":"summary_large_image","twitter_misc":{"Tiempo de lectura":"2 minutos"},"schema":{"@context":"https:\/\/schema.org","@graph":[{"@type":"WebPage","@id":"https:\/\/agseguridad.com\/index.php\/quienes-somos\/","url":"https:\/\/agseguridad.com\/index.php\/quienes-somos\/","name":"\u00bfQuienes Somos? - AG Seguridad","isPartOf":{"@id":"https:\/\/agseguridad.com\/#website"},"datePublished":"2025-09-25T18:07:08+00:00","dateModified":"2025-09-26T14:26:52+00:00","breadcrumb":{"@id":"https:\/\/agseguridad.com\/index.php\/quienes-somos\/#breadcrumb"},"inLanguage":"es","potentialAction":[{"@type":"ReadAction","target":["https:\/\/agseguridad.com\/index.php\/quienes-somos\/"]}]},{"@type":"BreadcrumbList","@id":"https:\/\/agseguridad.com\/index.php\/quienes-somos\/#breadcrumb","itemListElement":[{"@type":"ListItem","position":1,"name":"Inicio","item":"https:\/\/agseguridad.com\/"},{"@type":"ListItem","position":2,"name":"\u00bfQuienes Somos?"}]},{"@type":"WebSite","@id":"https:\/\/agseguridad.com\/#website","url":"https:\/\/agseguridad.com\/","name":"AG Seguridad","description":"","publisher":{"@id":"https:\/\/agseguridad.com\/#organization"},"potentialAction":[{"@type":"SearchAction","target":{"@type":"EntryPoint","urlTemplate":"https:\/\/agseguridad.com\/?s={search_term_string}"},"query-input":{"@type":"PropertyValueSpecification","valueRequired":true,"valueName":"search_term_string"}}],"inLanguage":"es"},{"@type":"Organization","@id":"https:\/\/agseguridad.com\/#organization","name":"AG Seguridad","url":"https:\/\/agseguridad.com\/","logo":{"@type":"ImageObject","inLanguage":"es","@id":"https:\/\/agseguridad.com\/#\/schema\/logo\/image\/","url":"https:\/\/agseguridad.com\/wp-content\/uploads\/2025\/09\/cropped-AG-SEGURIDAD_Mesa-de-trabajo-1-scaled-1.png","contentUrl":"https:\/\/agseguridad.com\/wp-content\/uploads\/2025\/09\/cropped-AG-SEGURIDAD_Mesa-de-trabajo-1-scaled-1.png","width":1176,"height":513,"caption":"AG Seguridad"},"image":{"@id":"https:\/\/agseguridad.com\/#\/schema\/logo\/image\/"}}]}},"_links":{"self":[{"href":"https:\/\/agseguridad.com\/index.php\/wp-json\/wp\/v2\/pages\/61","targetHints":{"allow":["GET"]}}],"collection":[{"href":"https:\/\/agseguridad.com\/index.php\/wp-json\/wp\/v2\/pages"}],"about":[{"href":"https:\/\/agseguridad.com\/index.php\/wp-json\/wp\/v2\/types\/page"}],"author":[{"embeddable":true,"href":"https:\/\/agseguridad.com\/index.php\/wp-json\/wp\/v2\/users\/2"}],"replies":[{"embeddable":true,"href":"https:\/\/agseguridad.com\/index.php\/wp-json\/wp\/v2\/comments?post=61"}],"version-history":[{"count":9,"href":"https:\/\/agseguridad.com\/index.php\/wp-json\/wp\/v2\/pages\/61\/revisions"}],"predecessor-version":[{"id":83,"href":"https:\/\/agseguridad.com\/index.php\/wp-json\/wp\/v2\/pages\/61\/revisions\/83"}],"wp:attachment":[{"href":"https:\/\/agseguridad.com\/index.php\/wp-json\/wp\/v2\/media?parent=61"}],"curies":[{"name":"wp","href":"https:\/\/api.w.org\/{rel}","templated":true}]}}