{"id":39,"date":"2025-09-25T15:45:41","date_gmt":"2025-09-25T15:45:41","guid":{"rendered":"https:\/\/agseguridad.com\/?page_id=39"},"modified":"2025-09-26T14:26:00","modified_gmt":"2025-09-26T14:26:00","slug":"contacto","status":"publish","type":"page","link":"https:\/\/agseguridad.com\/index.php\/contacto\/","title":{"rendered":"Cont\u00e1ctanos"},"content":{"rendered":"\n<p><\/p>\n\n\n\n<!-- Cont\u00e1ctanos (2 columnas: Info+Mapa \/ Formulario) -->\n<section class=\"landing-ag sec sec-cotiza sec-contacto\" aria-label=\"Cont\u00e1ctanos\">\n  <div class=\"container contacto-grid-2col\">\n\n    <!-- Columna izquierda: Informaci\u00f3n + Mapa -->\n    <div class=\"contacto-left\">\n      <h2 class=\"sec-title\">Cont\u00e1ctanos<\/h2>\n      <p class=\"sec-sub\" style=\"text-align: justify;\">\n        En AG Seguridad Integral y Ferreter\u00eda brindamos asesor\u00eda especializada y soluciones confiables en equipos certificados de seguridad y protecci\u00f3n personal. Nuestro compromiso es ofrecerte atenci\u00f3n inmediata, productos de alta calidad y un acompa\u00f1amiento integral para garantizar la seguridad de tu empresa y colaboradores.\n      <\/p>\n\n      <ul class=\"medios\">\n        <li><a href=\"tel:2299864867\"><i class=\"fas fa-phone\"><\/i> 229 986 4867<\/a><\/li>\n        <li><a href=\"https:\/\/wa.me\/522294161352?text=Hola,%20quiero%20una%20cotizaci%C3%B3n%20(agseguridad.com).\" target=\"_blank\" rel=\"noopener\"><i class=\"fab fa-whatsapp\"><\/i> WhatsApp 229 416 1352<\/a><\/li>\n        <li><a href=\"mailto:ventas@agseguridad.com\"><i class=\"fas fa-envelope\"><\/i> ventas@agseguridad.com<\/a><\/li>\n        <li><i class=\"fas fa-clock\"><\/i> Horario: Lun\u2013S\u00e1b 9:00\u201318:00<\/li>\n      <\/ul>\n\n      <div class=\"contacto-map\">\n        <h3 class=\"sec-sub\">Ubicaci\u00f3n<\/h3>\n        <div class=\"map-embed\">\n          <iframe\n            src=\"https:\/\/www.google.com\/maps\/embed?pb=!1m18!1m12!1m3!1d419.85179126863613!2d-96.10709410043775!3d19.101446997536463!2m3!1f0!2f0!3f0!3m2!1i1024!2i768!4f13.1!3m3!1m2!1s0x85c3411c6cf8a69f%3A0xf48cd349cbb9028f!2sAG%20SEGURIDAD%20INTEGRAL%20Y%20FERRETERIA!5e0!3m2!1ses!2smx!4v1758817388789!5m2!1ses!2smx\"\n            width=\"100%\" height=\"260\" style=\"border:0;\" allowfullscreen loading=\"lazy\"\n            referrerpolicy=\"no-referrer-when-downgrade\"><\/iframe>\n        <\/div>\n      <\/div>\n    <\/div>\n\n    <!-- Columna derecha: Formulario -->\n    <div class=\"contacto-right\">\n      <div class=\"cotiza-form\">\n\n\n\n<div class=\"wp-block-contact-form-7-contact-form-selector\">\n<div class=\"wpcf7 no-js\" id=\"wpcf7-f37-o1\" lang=\"es-MX\" dir=\"ltr\" data-wpcf7-id=\"37\">\n<div class=\"screen-reader-response\"><p role=\"status\" aria-live=\"polite\" aria-atomic=\"true\"><\/p> <ul><\/ul><\/div>\n<form action=\"\/index.php\/wp-json\/wp\/v2\/pages\/39#wpcf7-f37-o1\" method=\"post\" class=\"wpcf7-form init\" aria-label=\"Formulario de contacto\" novalidate=\"novalidate\" data-status=\"init\">\n<fieldset class=\"hidden-fields-container\"><input type=\"hidden\" name=\"_wpcf7\" value=\"37\" \/><input type=\"hidden\" name=\"_wpcf7_version\" value=\"6.1.1\" \/><input type=\"hidden\" name=\"_wpcf7_locale\" value=\"es_MX\" \/><input type=\"hidden\" name=\"_wpcf7_unit_tag\" value=\"wpcf7-f37-o1\" \/><input type=\"hidden\" name=\"_wpcf7_container_post\" value=\"0\" \/><input type=\"hidden\" name=\"_wpcf7_posted_data_hash\" value=\"\" \/>\n<\/fieldset>\n<h3 class=\"form-title\">Env\u00edanos tu mensaje\n<\/h3>\n<p><br \/>\n<label>Nombre completo*<br \/>\n<span class=\"wpcf7-form-control-wrap\" data-name=\"your-name\"><input size=\"40\" maxlength=\"400\" class=\"wpcf7-form-control wpcf7-text wpcf7-validates-as-required\" aria-required=\"true\" aria-invalid=\"false\" placeholder=\"Escribe tu nombre completo\" value=\"\" type=\"text\" name=\"your-name\" \/><\/span><br \/>\n<\/label>\n<\/p>\n<p><br \/>\n<label>Tel\u00e9fono*<br \/>\n<span class=\"wpcf7-form-control-wrap\" data-name=\"your-tel\"><input size=\"40\" maxlength=\"400\" class=\"wpcf7-form-control wpcf7-tel wpcf7-validates-as-required wpcf7-text wpcf7-validates-as-tel\" aria-required=\"true\" aria-invalid=\"false\" placeholder=\"Ej. 229 000 0000\" value=\"\" type=\"tel\" name=\"your-tel\" \/><\/span><br \/>\n<\/label>\n<\/p>\n<p><br \/>\n<label>Correo electr\u00f3nico*<br \/>\n<span class=\"wpcf7-form-control-wrap\" data-name=\"your-email\"><input size=\"40\" maxlength=\"400\" class=\"wpcf7-form-control wpcf7-email wpcf7-validates-as-required wpcf7-text wpcf7-validates-as-email\" aria-required=\"true\" aria-invalid=\"false\" placeholder=\"ejemplo@correo.com\" value=\"\" type=\"email\" name=\"your-email\" \/><\/span><br \/>\n<\/label>\n<\/p>\n<p><br \/>\n<label>Inter\u00e9s \/ Producto<br \/>\n<span class=\"wpcf7-form-control-wrap\" data-name=\"your-topic\"><select class=\"wpcf7-form-control wpcf7-select\" aria-invalid=\"false\" name=\"your-topic\"><option value=\"Extintores y Contra Incendios\">Extintores y Contra Incendios<\/option><option value=\"EPP\">EPP<\/option><option value=\"Ferreter\u00eda y Herramientas\">Ferreter\u00eda y Herramientas<\/option><option value=\"Se\u00f1alizaci\u00f3n y Tr\u00e1fico\">Se\u00f1alizaci\u00f3n y Tr\u00e1fico<\/option><option value=\"Otro\">Otro<\/option><\/select><\/span><br \/>\n<\/label>\n<\/p>\n<p><br \/>\n<label>Mensaje<br \/>\n<span class=\"wpcf7-form-control-wrap\" data-name=\"your-message\"><textarea cols=\"40\" rows=\"10\" maxlength=\"2000\" class=\"wpcf7-form-control wpcf7-textarea\" aria-invalid=\"false\" placeholder=\"Escribe tu mensaje\" name=\"your-message\"><\/textarea><\/span><br \/>\n<\/label>\n<\/p>\n<p class=\"privacidad\"><br \/>\n<span class=\"wpcf7-form-control-wrap\" data-name=\"privacy\"><span class=\"wpcf7-form-control wpcf7-acceptance\"><span class=\"wpcf7-list-item\"><label><input type=\"checkbox\" name=\"privacy\" value=\"1\" aria-invalid=\"false\" \/><span class=\"wpcf7-list-item-label\">He le\u00eddo y acepto el <a href=\"\/index.php\/aviso-de-privacidad\/\" target=\"_blank\">Aviso de Privacidad<\/a><\/span><\/label><\/span><\/span><\/span>\n<\/p>\n<p><input class=\"wpcf7-form-control wpcf7-submit has-spinner\" type=\"submit\" value=\"Enviar solicitud\" \/>\n<\/p><div class=\"wpcf7-response-output\" aria-hidden=\"true\"><\/div>\n<\/form>\n<\/div>\n<\/div>\n\n\n\n<\/div> <!-- \/.cotiza-form -->\n    <\/div> <!-- \/.contacto-right -->\n\n  <\/div> <!-- \/.contacto-grid-2col -->\n<\/section>\n","protected":false},"excerpt":{"rendered":"<p>Cont\u00e1ctanos En AG Seguridad Integral y Ferreter\u00eda brindamos asesor\u00eda especializada y soluciones confiables en equipos certificados de seguridad y protecci\u00f3n personal. Nuestro compromiso es ofrecerte atenci\u00f3n inmediata, productos de alta calidad y un acompa\u00f1amiento integral para garantizar la seguridad de tu empresa y colaboradores. 229 986 4867 WhatsApp 229 416 1352 ventas@agseguridad.com Horario: Lun\u2013S\u00e1b 9:00\u201318:00 &#8230; <a title=\"Cont\u00e1ctanos\" class=\"read-more\" href=\"https:\/\/agseguridad.com\/index.php\/contacto\/\" aria-label=\"Leer m\u00e1s sobre Cont\u00e1ctanos\">Leer m\u00e1s<\/a><\/p>\n","protected":false},"author":2,"featured_media":0,"parent":0,"menu_order":0,"comment_status":"closed","ping_status":"closed","template":"","meta":{"footnotes":""},"class_list":["post-39","page","type-page","status-publish"],"yoast_head":"<!-- This site is optimized with the Yoast SEO plugin v26.0 - https:\/\/yoast.com\/wordpress\/plugins\/seo\/ -->\n<title>Cont\u00e1ctanos - AG Seguridad<\/title>\n<meta name=\"robots\" content=\"index, follow, max-snippet:-1, max-image-preview:large, max-video-preview:-1\" \/>\n<link rel=\"canonical\" href=\"https:\/\/agseguridad.com\/index.php\/contacto\/\" \/>\n<meta property=\"og:locale\" content=\"es_MX\" \/>\n<meta property=\"og:type\" content=\"article\" \/>\n<meta property=\"og:title\" content=\"Cont\u00e1ctanos - AG Seguridad\" \/>\n<meta property=\"og:description\" content=\"Cont\u00e1ctanos En AG Seguridad Integral y Ferreter\u00eda brindamos asesor\u00eda especializada y soluciones confiables en equipos certificados de seguridad y protecci\u00f3n personal. Nuestro compromiso es ofrecerte atenci\u00f3n inmediata, productos de alta calidad y un acompa\u00f1amiento integral para garantizar la seguridad de tu empresa y colaboradores. 229 986 4867 WhatsApp 229 416 1352 ventas@agseguridad.com Horario: Lun\u2013S\u00e1b 9:00\u201318:00 ... Leer m\u00e1s\" \/>\n<meta property=\"og:url\" content=\"https:\/\/agseguridad.com\/index.php\/contacto\/\" \/>\n<meta property=\"og:site_name\" content=\"AG Seguridad\" \/>\n<meta property=\"article:modified_time\" content=\"2025-09-26T14:26:00+00:00\" \/>\n<meta name=\"twitter:card\" content=\"summary_large_image\" \/>\n<meta name=\"twitter:label1\" content=\"Tiempo de lectura\" \/>\n\t<meta name=\"twitter:data1\" content=\"1 minuto\" \/>\n<script type=\"application\/ld+json\" class=\"yoast-schema-graph\">{\"@context\":\"https:\/\/schema.org\",\"@graph\":[{\"@type\":\"WebPage\",\"@id\":\"https:\/\/agseguridad.com\/index.php\/contacto\/\",\"url\":\"https:\/\/agseguridad.com\/index.php\/contacto\/\",\"name\":\"Cont\u00e1ctanos - AG Seguridad\",\"isPartOf\":{\"@id\":\"https:\/\/agseguridad.com\/#website\"},\"datePublished\":\"2025-09-25T15:45:41+00:00\",\"dateModified\":\"2025-09-26T14:26:00+00:00\",\"breadcrumb\":{\"@id\":\"https:\/\/agseguridad.com\/index.php\/contacto\/#breadcrumb\"},\"inLanguage\":\"es\",\"potentialAction\":[{\"@type\":\"ReadAction\",\"target\":[\"https:\/\/agseguridad.com\/index.php\/contacto\/\"]}]},{\"@type\":\"BreadcrumbList\",\"@id\":\"https:\/\/agseguridad.com\/index.php\/contacto\/#breadcrumb\",\"itemListElement\":[{\"@type\":\"ListItem\",\"position\":1,\"name\":\"Inicio\",\"item\":\"https:\/\/agseguridad.com\/\"},{\"@type\":\"ListItem\",\"position\":2,\"name\":\"Cont\u00e1ctanos\"}]},{\"@type\":\"WebSite\",\"@id\":\"https:\/\/agseguridad.com\/#website\",\"url\":\"https:\/\/agseguridad.com\/\",\"name\":\"AG Seguridad\",\"description\":\"\",\"publisher\":{\"@id\":\"https:\/\/agseguridad.com\/#organization\"},\"potentialAction\":[{\"@type\":\"SearchAction\",\"target\":{\"@type\":\"EntryPoint\",\"urlTemplate\":\"https:\/\/agseguridad.com\/?s={search_term_string}\"},\"query-input\":{\"@type\":\"PropertyValueSpecification\",\"valueRequired\":true,\"valueName\":\"search_term_string\"}}],\"inLanguage\":\"es\"},{\"@type\":\"Organization\",\"@id\":\"https:\/\/agseguridad.com\/#organization\",\"name\":\"AG Seguridad\",\"url\":\"https:\/\/agseguridad.com\/\",\"logo\":{\"@type\":\"ImageObject\",\"inLanguage\":\"es\",\"@id\":\"https:\/\/agseguridad.com\/#\/schema\/logo\/image\/\",\"url\":\"https:\/\/agseguridad.com\/wp-content\/uploads\/2025\/09\/cropped-AG-SEGURIDAD_Mesa-de-trabajo-1-scaled-1.png\",\"contentUrl\":\"https:\/\/agseguridad.com\/wp-content\/uploads\/2025\/09\/cropped-AG-SEGURIDAD_Mesa-de-trabajo-1-scaled-1.png\",\"width\":1176,\"height\":513,\"caption\":\"AG Seguridad\"},\"image\":{\"@id\":\"https:\/\/agseguridad.com\/#\/schema\/logo\/image\/\"}}]}<\/script>\n<!-- \/ Yoast SEO plugin. -->","yoast_head_json":{"title":"Cont\u00e1ctanos - AG Seguridad","robots":{"index":"index","follow":"follow","max-snippet":"max-snippet:-1","max-image-preview":"max-image-preview:large","max-video-preview":"max-video-preview:-1"},"canonical":"https:\/\/agseguridad.com\/index.php\/contacto\/","og_locale":"es_MX","og_type":"article","og_title":"Cont\u00e1ctanos - AG Seguridad","og_description":"Cont\u00e1ctanos En AG Seguridad Integral y Ferreter\u00eda brindamos asesor\u00eda especializada y soluciones confiables en equipos certificados de seguridad y protecci\u00f3n personal. Nuestro compromiso es ofrecerte atenci\u00f3n inmediata, productos de alta calidad y un acompa\u00f1amiento integral para garantizar la seguridad de tu empresa y colaboradores. 229 986 4867 WhatsApp 229 416 1352 ventas@agseguridad.com Horario: Lun\u2013S\u00e1b 9:00\u201318:00 ... Leer m\u00e1s","og_url":"https:\/\/agseguridad.com\/index.php\/contacto\/","og_site_name":"AG Seguridad","article_modified_time":"2025-09-26T14:26:00+00:00","twitter_card":"summary_large_image","twitter_misc":{"Tiempo de lectura":"1 minuto"},"schema":{"@context":"https:\/\/schema.org","@graph":[{"@type":"WebPage","@id":"https:\/\/agseguridad.com\/index.php\/contacto\/","url":"https:\/\/agseguridad.com\/index.php\/contacto\/","name":"Cont\u00e1ctanos - AG Seguridad","isPartOf":{"@id":"https:\/\/agseguridad.com\/#website"},"datePublished":"2025-09-25T15:45:41+00:00","dateModified":"2025-09-26T14:26:00+00:00","breadcrumb":{"@id":"https:\/\/agseguridad.com\/index.php\/contacto\/#breadcrumb"},"inLanguage":"es","potentialAction":[{"@type":"ReadAction","target":["https:\/\/agseguridad.com\/index.php\/contacto\/"]}]},{"@type":"BreadcrumbList","@id":"https:\/\/agseguridad.com\/index.php\/contacto\/#breadcrumb","itemListElement":[{"@type":"ListItem","position":1,"name":"Inicio","item":"https:\/\/agseguridad.com\/"},{"@type":"ListItem","position":2,"name":"Cont\u00e1ctanos"}]},{"@type":"WebSite","@id":"https:\/\/agseguridad.com\/#website","url":"https:\/\/agseguridad.com\/","name":"AG Seguridad","description":"","publisher":{"@id":"https:\/\/agseguridad.com\/#organization"},"potentialAction":[{"@type":"SearchAction","target":{"@type":"EntryPoint","urlTemplate":"https:\/\/agseguridad.com\/?s={search_term_string}"},"query-input":{"@type":"PropertyValueSpecification","valueRequired":true,"valueName":"search_term_string"}}],"inLanguage":"es"},{"@type":"Organization","@id":"https:\/\/agseguridad.com\/#organization","name":"AG Seguridad","url":"https:\/\/agseguridad.com\/","logo":{"@type":"ImageObject","inLanguage":"es","@id":"https:\/\/agseguridad.com\/#\/schema\/logo\/image\/","url":"https:\/\/agseguridad.com\/wp-content\/uploads\/2025\/09\/cropped-AG-SEGURIDAD_Mesa-de-trabajo-1-scaled-1.png","contentUrl":"https:\/\/agseguridad.com\/wp-content\/uploads\/2025\/09\/cropped-AG-SEGURIDAD_Mesa-de-trabajo-1-scaled-1.png","width":1176,"height":513,"caption":"AG Seguridad"},"image":{"@id":"https:\/\/agseguridad.com\/#\/schema\/logo\/image\/"}}]}},"_links":{"self":[{"href":"https:\/\/agseguridad.com\/index.php\/wp-json\/wp\/v2\/pages\/39","targetHints":{"allow":["GET"]}}],"collection":[{"href":"https:\/\/agseguridad.com\/index.php\/wp-json\/wp\/v2\/pages"}],"about":[{"href":"https:\/\/agseguridad.com\/index.php\/wp-json\/wp\/v2\/types\/page"}],"author":[{"embeddable":true,"href":"https:\/\/agseguridad.com\/index.php\/wp-json\/wp\/v2\/users\/2"}],"replies":[{"embeddable":true,"href":"https:\/\/agseguridad.com\/index.php\/wp-json\/wp\/v2\/comments?post=39"}],"version-history":[{"count":19,"href":"https:\/\/agseguridad.com\/index.php\/wp-json\/wp\/v2\/pages\/39\/revisions"}],"predecessor-version":[{"id":82,"href":"https:\/\/agseguridad.com\/index.php\/wp-json\/wp\/v2\/pages\/39\/revisions\/82"}],"wp:attachment":[{"href":"https:\/\/agseguridad.com\/index.php\/wp-json\/wp\/v2\/media?parent=39"}],"curies":[{"name":"wp","href":"https:\/\/api.w.org\/{rel}","templated":true}]}}